{"id":3,"date":"2025-09-18T03:23:25","date_gmt":"2025-09-18T03:23:25","guid":{"rendered":"https:\/\/mosaicwholenes.wpenginepowered.com\/?page_id=3"},"modified":"2026-01-09T03:47:24","modified_gmt":"2026-01-09T03:47:24","slug":"politica-de-privacidad","status":"publish","type":"page","link":"https:\/\/mosaicwholenesscenter.com\/es\/privacy-policy\/","title":{"rendered":"Pol\u00edtica de privacidad"},"content":{"rendered":"<p class=\"p3\"><span class=\"s2\"><b>\u00daltima actualizaci\u00f3n:<\/b><\/span> 01\/08\/2026<\/p>\r\n<p class=\"p3\">Mosaic Wholeness Center LLC (\u201cMosaic Wholeness Center\u201d, \u201cnosotros\u201d, \u201cnos\u201d o \u201cnuestro\u201d) se compromete a proteger su privacidad y la confidencialidad de su informaci\u00f3n. Esta Pol\u00edtica de privacidad describe c\u00f3mo recopilamos, utilizamos, divulgamos y protegemos la informaci\u00f3n obtenida a trav\u00e9s de nuestro sitio web, https:\/\/mosaicwholenesscenter.com (el \u201cSitio web\u201d).<\/p>\r\n<p class=\"p3\">Al acceder o utilizar el sitio web, usted acepta los t\u00e9rminos de esta Pol\u00edtica de privacidad.<\/p>\r\n<h2 class=\"wp-block-heading\"><b>1. Informaci\u00f3n que recopilamos<\/b><\/h2>\r\n<p class=\"p3\">Recopilamos informaci\u00f3n de las siguientes maneras:<\/p>\r\n<h3><b>a. Informaci\u00f3n personal y relacionada con la salud que usted proporciona<\/b><\/h3>\r\n<p class=\"p3\">Cuando env\u00eda informaci\u00f3n a trav\u00e9s de nuestro sitio web, incluyendo formularios de contacto, solicitudes de citas o consultas, podemos recopilar:<\/p>\r\n<ul>\r\n<li>\r\n<p class=\"p1\">Nombre<\/p>\r\n<\/li>\r\n<li>\r\n<p class=\"p1\">Direcci\u00f3n de correo electr\u00f3nico<\/p>\r\n<\/li>\r\n<li>\r\n<p class=\"p1\">N\u00famero de tel\u00e9fono<\/p>\r\n<\/li>\r\n<li>\r\n<p class=\"p1\">Informaci\u00f3n demogr\u00e1fica general (si se proporciona)<\/p>\r\n<\/li>\r\n<li>\r\n<p class=\"p1\"><span class=\"s1\"><b>Informaci\u00f3n relacionada con la salud<\/b><\/span>, como las principales preocupaciones, los s\u00edntomas, las situaciones u otros detalles sobre su salud mental que nos proporcione voluntariamente para ayudarnos a encontrarle el profesional cl\u00ednico adecuado.<\/p>\r\n<\/li>\r\n<\/ul>\r\n<h3><b>b. Informaci\u00f3n recopilada autom\u00e1ticamente<\/b><\/h3>\r\n<p class=\"p3\">Cuando visita nuestro sitio web, podemos recopilar autom\u00e1ticamente:<\/p>\r\n<ul>\r\n<li>\r\n<p class=\"p1\">Direcci\u00f3n IP<\/p>\r\n<\/li>\r\n<li>\r\n<p class=\"p1\">Tipo de navegador e informaci\u00f3n del dispositivo<\/p>\r\n<\/li>\r\n<li>\r\n<p class=\"p1\">P\u00e1ginas visitadas y tiempo dedicado al sitio web<\/p>\r\n<\/li>\r\n<\/ul>\r\n<p class=\"p3\">Esta informaci\u00f3n se utiliza para mantener y mejorar el sitio web.<\/p>\r\n<h3><b>c. Cookies y tecnolog\u00edas de seguimiento<\/b><\/h3>\r\n<p class=\"p3\">Podemos utilizar cookies o tecnolog\u00edas similares para mejorar la experiencia del usuario. Puede desactivar las cookies a trav\u00e9s de la configuraci\u00f3n de su navegador, aunque es posible que algunas funciones no funcionen correctamente.<\/p>\r\n<h2><b>2. C\u00f3mo utilizamos su informaci\u00f3n<\/b><\/h2>\r\n<p class=\"p3\">Utilizamos la informaci\u00f3n recopilada para:<\/p>\r\n<ul>\r\n<li>\r\n<p class=\"p1\">Responder a consultas y solicitudes de citas.<\/p>\r\n<\/li>\r\n<li>\r\n<p class=\"p1\">Emparejar a los clientes potenciales con los m\u00e9dicos adecuados.<\/p>\r\n<\/li>\r\n<li>\r\n<p class=\"p1\">Comunicarnos con usted en relaci\u00f3n con los servicios o la programaci\u00f3n.<\/p>\r\n<\/li>\r\n<li>\r\n<p class=\"p1\">Gestionar las relaciones con los clientes actuales y potenciales.<\/p>\r\n<\/li>\r\n<li>\r\n<p class=\"p1\">Mantener los registros exigidos por la ley.<\/p>\r\n<\/li>\r\n<li>\r\n<p class=\"p1\">Mejorar nuestro sitio web y nuestros servicios.<\/p>\r\n<\/li>\r\n<\/ul>\r\n<h2><b>3. HIPAA e informaci\u00f3n m\u00e9dica protegida (PHI)<\/b><\/h2>\r\n<p class=\"p3\">Dado que Mosaic Wholeness Center LLC es un centro de asesoramiento en salud mental, cierta informaci\u00f3n recopilada a trav\u00e9s del sitio web <span class=\"s2\"><b>puede considerarse informaci\u00f3n m\u00e9dica protegida (PHI, por sus siglas en ingl\u00e9s)<\/b><\/span> en virtud de la Ley de Portabilidad y Responsabilidad del Seguro M\u00e9dico (HIPAA).<\/p>\r\n<p class=\"p3\">La informaci\u00f3n relacionada con la salud que se env\u00eda a trav\u00e9s de nuestro sitio web se utiliza \u00fanicamente para:<\/p>\r\n<ul>\r\n<li>\r\n<p class=\"p1\">Fines de admisi\u00f3n y selecci\u00f3n<\/p>\r\n<\/li>\r\n<li>\r\n<p class=\"p1\">Determinaci\u00f3n de los servicios cl\u00ednicos adecuados<\/p>\r\n<\/li>\r\n<li>\r\n<p class=\"p1\">Funciones administrativas y operativas de la pr\u00e1ctica<\/p>\r\n<\/li>\r\n<\/ul>\r\n<p class=\"p3\">Una vez que se convierta en cliente, su informaci\u00f3n m\u00e9dica protegida (PHI) se mantendr\u00e1 y proteger\u00e1 de conformidad con la HIPAA y las leyes estatales aplicables. Los clientes recibir\u00e1n por separado <span class=\"s2\"><b>Aviso sobre pr\u00e1cticas de privacidad<\/b><\/span> que describe en detalle c\u00f3mo se utiliza, divulga y protege la informaci\u00f3n m\u00e9dica protegida (PHI).<\/p>\r\n<h2><b>4. Uso de herramientas de terceros<\/b><\/h2>\r\n<p class=\"p3\">Utilizamos plataformas de gesti\u00f3n de relaciones con los clientes (CRM) de terceros para recopilar, almacenar y gestionar las comunicaciones y la informaci\u00f3n enviada.<\/p>\r\n<p class=\"p3\">La informaci\u00f3n proporcionada a trav\u00e9s de los formularios del sitio web, incluida la informaci\u00f3n relacionada con la salud, puede almacenarse y procesarse en nuestras plataformas CRM.<\/p>\r\n<h2><b>6. Seguridad de los datos<\/b><\/h2>\r\n<p class=\"p3\">Implementamos medidas de seguridad administrativas, t\u00e9cnicas y f\u00edsicas razonables dise\u00f1adas para proteger su informaci\u00f3n.<\/p>\r\n<h2><b>7. Privacidad de los ni\u00f1os<\/b><\/h2>\r\n<p class=\"p3\">Este sitio web no est\u00e1 destinado a ni\u00f1os menores de 13 a\u00f1os. No utilizamos deliberadamente este sitio web para recopilar informaci\u00f3n personal o relacionada con la salud de ni\u00f1os sin el consentimiento adecuado de sus padres o tutores.<\/p>\r\n<h2><b>8. Cambios en esta Pol\u00edtica de Privacidad<\/b><\/h2>\r\n<p class=\"p3\">Podemos actualizar esta Pol\u00edtica de privacidad peri\u00f3dicamente. Las actualizaciones se publicar\u00e1n en esta p\u00e1gina con una fecha de \u201c\u00daltima actualizaci\u00f3n\u201d revisada. El uso continuado del sitio web implica la aceptaci\u00f3n de cualquier cambio.<\/p>\r\n<h2><b>9. Informaci\u00f3n de contacto<\/b><\/h2>\r\n<p class=\"p3\">Si tiene alguna pregunta sobre esta Pol\u00edtica de privacidad o nuestras pr\u00e1cticas de privacidad, p\u00f3ngase en contacto con:<\/p>\r\n<p class=\"p4\"><b>Centro Mosaic Wholeness LLC<\/b><b><\/b><\/p>\r\n<p class=\"p3\">Tel\u00e9fono: <a href=\"tel:8479179974\"><span class=\"elementor-icon-list-text\">(847) 917-9974<\/span><\/a><\/p>\r\n<p class=\"p3\">Sitio web: https:\/\/mosaicwholenesscenter.com<\/p>","protected":false},"excerpt":{"rendered":"<p>Last Updated: 01\/08\/2026 Mosaic Wholeness Center LLC (\u201cMosaic Wholeness Center,\u201d \u201cwe,\u201d \u201cus,\u201d or \u201cour\u201d) is committed to protecting your privacy and the confidentiality of your information. This Privacy Policy describes how we collect, use, disclose, and safeguard information obtained through our website, https:\/\/mosaicwholenesscenter.com (the \u201cWebsite\u201d). By accessing or using the Website, you agree to the [&hellip;]<\/p>\n","protected":false},"author":1,"featured_media":0,"parent":0,"menu_order":0,"comment_status":"closed","ping_status":"open","template":"","meta":{"_acf_changed":false,"footnotes":""},"class_list":["post-3","page","type-page","status-publish","hentry"],"acf":[],"_links":{"self":[{"href":"https:\/\/mosaicwholenesscenter.com\/es\/wp-json\/wp\/v2\/pages\/3","targetHints":{"allow":["GET"]}}],"collection":[{"href":"https:\/\/mosaicwholenesscenter.com\/es\/wp-json\/wp\/v2\/pages"}],"about":[{"href":"https:\/\/mosaicwholenesscenter.com\/es\/wp-json\/wp\/v2\/types\/page"}],"author":[{"embeddable":true,"href":"https:\/\/mosaicwholenesscenter.com\/es\/wp-json\/wp\/v2\/users\/1"}],"replies":[{"embeddable":true,"href":"https:\/\/mosaicwholenesscenter.com\/es\/wp-json\/wp\/v2\/comments?post=3"}],"version-history":[{"count":0,"href":"https:\/\/mosaicwholenesscenter.com\/es\/wp-json\/wp\/v2\/pages\/3\/revisions"}],"wp:attachment":[{"href":"https:\/\/mosaicwholenesscenter.com\/es\/wp-json\/wp\/v2\/media?parent=3"}],"curies":[{"name":"wp","href":"https:\/\/api.w.org\/{rel}","templated":true}]}}