{"id":640,"date":"2026-02-10T02:29:51","date_gmt":"2026-02-10T02:29:51","guid":{"rendered":"https:\/\/mosaicwholenesscenter.com\/?page_id=640"},"modified":"2026-02-21T01:03:29","modified_gmt":"2026-02-21T01:03:29","slug":"anxiety-counseling","status":"publish","type":"page","link":"https:\/\/mosaicwholenesscenter.com\/es\/services\/anxiety-counseling\/","title":{"rendered":"Anxiety Counseling in Rolling Meadows and Greater Chicago Area"},"content":{"rendered":"<div data-elementor-type=\"wp-page\" data-elementor-id=\"640\" class=\"elementor elementor-640\" data-elementor-post-type=\"page\">\n\t\t\t\t<div class=\"elementor-element elementor-element-62062ecb e-flex e-con-boxed e-con e-parent\" data-id=\"62062ecb\" data-element_type=\"container\" data-e-type=\"container\" data-settings=\"{&quot;background_background&quot;:&quot;classic&quot;}\">\n\t\t\t\t\t<div class=\"e-con-inner\">\n\t\t\t\t\t<\/div>\n\t\t\t\t<\/div>\n\t\t<div class=\"elementor-element elementor-element-33710296 e-flex e-con-boxed e-con e-parent\" data-id=\"33710296\" data-element_type=\"container\" data-e-type=\"container\" data-settings=\"{&quot;background_background&quot;:&quot;classic&quot;}\">\n\t\t\t\t\t<div class=\"e-con-inner\">\n\t\t\t\t<div class=\"elementor-element elementor-element-46760f10 elementor-widget elementor-widget-heading\" data-id=\"46760f10\" data-element_type=\"widget\" data-e-type=\"widget\" data-widget_type=\"heading.default\">\n\t\t\t\t\t<h2 class=\"elementor-heading-title elementor-size-default\">Support for Anxiety, Worry, Panic, and Chronic Stress<\/h2>\t\t\t\t<\/div>\n\t\t\t\t<div class=\"elementor-element elementor-element-f3e69ae elementor-widget elementor-widget-text-editor\" data-id=\"f3e69ae\" data-element_type=\"widget\" data-e-type=\"widget\" data-widget_type=\"text-editor.default\">\n\t\t\t\t\t\t\t\t\tDo you feel anxious even when things seem \u201cfine\u201d on the outside? Anxiety can be exhausting. It often shows up as constant worry, racing thoughts, physical tension, or a sense that you can\u2019t fully relax. Many people live with anxiety for years, telling themselves to \u201cpush through,\u201d until it begins to affect relationships, work, sleep, and overall well-being.\r\n\r\nAt Mosaic Wholeness Center, anxiety counseling provides compassionate, evidence-based support to help you understand your anxiety and regain a sense of calm, clarity, and control.\t\t\t\t\t\t\t\t<\/div>\n\t\t\t\t\t<\/div>\n\t\t\t\t<\/div>\n\t\t<div class=\"elementor-element elementor-element-255821a6 e-flex e-con-boxed e-con e-parent\" data-id=\"255821a6\" data-element_type=\"container\" data-e-type=\"container\" data-settings=\"{&quot;background_background&quot;:&quot;classic&quot;}\">\n\t\t\t\t\t<div class=\"e-con-inner\">\n\t\t\t\t<div class=\"elementor-element elementor-element-258bca51 elementor-widget elementor-widget-heading\" data-id=\"258bca51\" data-element_type=\"widget\" data-e-type=\"widget\" data-widget_type=\"heading.default\">\n\t\t\t\t\t<h2 class=\"elementor-heading-title elementor-size-default\">What is Anxiety Counseling?<\/h2>\t\t\t\t<\/div>\n\t\t\t\t<div class=\"elementor-element elementor-element-3c3f092a elementor-widget elementor-widget-text-editor\" data-id=\"3c3f092a\" data-element_type=\"widget\" data-e-type=\"widget\" data-widget_type=\"text-editor.default\">\n\t\t\t\t\t\t\t\t\tAnxiety counseling helps individuals understand the emotional, cognitive, and physiological patterns that drive anxiety. Rather than simply trying to eliminate anxious thoughts, therapy focuses on building awareness, regulation, and healthier responses to stress.\r\n\r\nIn anxiety counseling, we work to:\r\n<ul>\r\n \t<li>Understand what triggers and maintains anxiety<\/li>\r\n \t<li>Reduce physical symptoms such as tension or panic<\/li>\r\n \t<li>Develop tools to calm the nervous system<\/li>\r\n \t<li>Change unhelpful thought patterns<\/li>\r\n \t<li>Build confidence in managing stress<\/li>\r\n<\/ul>\r\n<h3>Common Types of Anxiety We Support<\/h3>\r\nGeneralized Anxiety and Chronic Worry\r\n<ul>\r\n \t<li>Constant overthinking or \u201cwhat if\u201d thoughts<\/li>\r\n \t<li>Difficulty relaxing or feeling at ease<\/li>\r\n \t<li>Fear of making mistakes or disappointing others<\/li>\r\n<\/ul>\r\nPanic and Acute Anxiety\r\n<ul>\r\n \t<li>Sudden waves of fear or panic<\/li>\r\n \t<li>Rapid heartbeat, shortness of breath, dizziness<\/li>\r\n \t<li>Fear of losing control<\/li>\r\n<\/ul>\r\nSocial Anxiety\r\n<ul>\r\n \t<li>Fear of judgment or embarrassment<\/li>\r\n \t<li>Avoidance of social situations<\/li>\r\n \t<li>Feeling self-conscious or inadequate<\/li>\r\n<\/ul>\r\nStress and Burnout\r\n<ul>\r\n \t<li>Emotional exhaustion<\/li>\r\n \t<li>Feeling overwhelmed by responsibilities<\/li>\r\n \t<li>Difficulty setting boundaries or resting<\/li>\r\n<\/ul>\r\n<h3>How Anxiety Can Show Up<\/h3>\r\n<ul>\r\n \t<li>Racing thoughts<\/li>\r\n \t<li>Muscle tension or headaches<\/li>\r\n \t<li>Sleep difficulties<\/li>\r\n \t<li>Irritability<\/li>\r\n \t<li>Difficulty concentrating<\/li>\r\n \t<li>Avoidance behaviors<\/li>\r\n<\/ul>\r\n<h3>Our Approach to Anxiety Counseling<\/h3>\r\nAt Mosaic Wholeness Center, anxiety counseling is grounded in evidence-based, trauma-informed, and culturally sensitive care. We tailor therapy to your unique experiences and goals.\r\n\r\nOur approach includes:\r\n<ul>\r\n \t<li>Nervous system regulation and grounding skills<\/li>\r\n \t<li>Cognitive and emotional awareness<\/li>\r\n \t<li>Practical coping strategies<\/li>\r\n \t<li>Exploration of underlying stressors or wounds<\/li>\r\n \t<li>Optional integration of faith or spiritual values if desired<\/li>\r\n<\/ul>\r\n<h3>What Clients Often Experience<\/h3>\r\nOver time, clients often report:\r\n<ul>\r\n \t<li>Reduced intensity and frequency of anxiety<\/li>\r\n \t<li>Improved emotional regulation<\/li>\r\n \t<li>Clearer thinking and decision-making<\/li>\r\n \t<li>Increased confidence and self-trust<\/li>\r\n \t<li>Greater sense of peace and balance<\/li>\r\n<\/ul>\r\n<h3>Is Anxiety Counseling Right for You?<\/h3>\r\nAnxiety counseling may be helpful if you:\r\n<ul>\r\n \t<li>Feel overwhelmed by worry or stress<\/li>\r\n \t<li>Experience panic or persistent tension<\/li>\r\n \t<li>Notice anxiety impacting relationships or work<\/li>\r\n \t<li>Feel stuck in anxious patterns<\/li>\r\n \t<li>Want tools to manage anxiety more effectively<\/li>\r\n<\/ul>\r\n<h3>Primeros pasos<\/h3>\r\nYou don\u2019t need to wait until anxiety becomes unbearable to seek support. Support is available \u2014 and meaningful change is possible.\r\n\r\nYou can:\r\n<ul>\r\n \t<li><a href=\"https:\/\/mosaicwholenesscenter.com\/es\/reservar-una-cita\/\">Schedule a free consultation to explore anxiety counseling<\/a><\/li>\r\n \t<li><a href=\"https:\/\/mosaicwholenesscenter.com\/es\/reservar-una-cita\/\">Book an anxiety counseling session<\/a><\/li>\r\n<\/ul>\t\t\t\t\t\t\t\t<\/div>\n\t\t\t\t\t<\/div>\n\t\t\t\t<\/div>\n\t\t<div class=\"elementor-element elementor-element-1bf6d93 e-flex e-con-boxed e-con e-parent\" data-id=\"1bf6d93\" data-element_type=\"container\" data-e-type=\"container\">\n\t\t\t\t\t<div class=\"e-con-inner\">\n\t\t\t\t<div class=\"elementor-element elementor-element-e0d4dd4 elementor-widget elementor-widget-template\" data-id=\"e0d4dd4\" data-element_type=\"widget\" data-e-type=\"widget\" data-widget_type=\"template.default\">\n\t\t\t\t<div class=\"elementor-widget-container\">\n\t\t\t\t\t\t\t<div class=\"elementor-template\">\n\t\t\t\t\t<div data-elementor-type=\"section\" data-elementor-id=\"637\" class=\"elementor elementor-637\" data-elementor-post-type=\"elementor_library\">\n\t\t\t<div class=\"elementor-element elementor-element-497785a4 e-con-full e-flex e-con e-parent\" data-id=\"497785a4\" data-element_type=\"container\" data-e-type=\"container\" data-settings=\"{&quot;background_background&quot;:&quot;classic&quot;}\">\n\t\t<div class=\"elementor-element elementor-element-5805862 e-flex e-con-boxed e-con e-child\" data-id=\"5805862\" data-element_type=\"container\" data-e-type=\"container\">\n\t\t\t\t\t<div class=\"e-con-inner\">\n\t\t\t\t<div class=\"elementor-element elementor-element-9e5ed60 elementor-widget elementor-widget-heading\" data-id=\"9e5ed60\" data-element_type=\"widget\" data-e-type=\"widget\" data-widget_type=\"heading.default\">\n\t\t\t\t\t<h2 class=\"elementor-heading-title elementor-size-default\">Acerca del Centro Mosaic Wholeness<\/h2>\t\t\t\t<\/div>\n\t\t\t\t<div class=\"elementor-element elementor-element-73ec35e elementor-widget elementor-widget-text-editor\" data-id=\"73ec35e\" data-element_type=\"widget\" data-e-type=\"widget\" data-widget_type=\"text-editor.default\">\n\t\t\t\t\t\t\t\t\t<p>En Mosaic Wholeness Center, creemos que la mejor atenci\u00f3n honra a la persona en su totalidad: mente, coraz\u00f3n, alma e historia. Por eso nuestro enfoque se basa en lo que llamamos las 3 C: atenci\u00f3n centrada en Cristo, excelencia cl\u00ednica y sensibilidad cultural.\u00a0<\/p><p>Prestamos servicios en el \u00e1rea de Chicago y los suburbios del noroeste de Illinois, y ofrecemos asesoramiento individual, de pareja y familiar que integra la atenci\u00f3n basada en la fe con pr\u00e1cticas basadas en la evidencia, siempre de una manera que respeta su origen cultural y su identidad \u00fanica.<\/p>\t\t\t\t\t\t\t\t<\/div>\n\t\t\t\t\t<\/div>\n\t\t\t\t<\/div>\n\t\t<div class=\"elementor-element elementor-element-60a55b70 e-grid e-con-boxed e-con e-child\" data-id=\"60a55b70\" data-element_type=\"container\" data-e-type=\"container\">\n\t\t\t\t\t<div class=\"e-con-inner\">\n\t\t\t\t<div class=\"elementor-element elementor-element-55e8bce3 elementor-invisible elementor-widget elementor-widget-icon-box\" data-id=\"55e8bce3\" data-element_type=\"widget\" data-e-type=\"widget\" data-settings=\"{&quot;_animation&quot;:&quot;fadeInUp&quot;}\" data-widget_type=\"icon-box.default\">\n\t\t\t\t\t\t\t<div class=\"elementor-icon-box-wrapper\">\n\n\t\t\t\n\t\t\t\t\t\t<div class=\"elementor-icon-box-content\">\n\n\t\t\t\t\t\t\t\t\t<h3 class=\"elementor-icon-box-title\">\n\t\t\t\t\t\t<span  >\n\t\t\t\t\t\t\tNuestra visi\u00f3n\t\t\t\t\t\t<\/span>\n\t\t\t\t\t<\/h3>\n\t\t\t\t\n\t\t\t\t\t\t\t\t\t<p class=\"elementor-icon-box-description\">\n\t\t\t\t\t\tVer a personas, parejas y familias experimentar una profunda sanaci\u00f3n emocional, restauraci\u00f3n espiritual y transformaci\u00f3n relacional a trav\u00e9s de una atenci\u00f3n que integra la fe cristiana, la experiencia cl\u00ednica y la comprensi\u00f3n cultural.\t\t\t\t\t<\/p>\n\t\t\t\t\n\t\t\t<\/div>\n\t\t\t\n\t\t<\/div>\n\t\t\t\t\t\t<\/div>\n\t\t\t\t<div class=\"elementor-element elementor-element-4138acc6 elementor-invisible elementor-widget elementor-widget-icon-box\" data-id=\"4138acc6\" data-element_type=\"widget\" data-e-type=\"widget\" data-settings=\"{&quot;_animation&quot;:&quot;fadeInUp&quot;,&quot;_animation_delay&quot;:100}\" data-widget_type=\"icon-box.default\">\n\t\t\t\t\t\t\t<div class=\"elementor-icon-box-wrapper\">\n\n\t\t\t\n\t\t\t\t\t\t<div class=\"elementor-icon-box-content\">\n\n\t\t\t\t\t\t\t\t\t<h3 class=\"elementor-icon-box-title\">\n\t\t\t\t\t\t<span  >\n\t\t\t\t\t\t\tNuestra misi\u00f3n\t\t\t\t\t\t<\/span>\n\t\t\t\t\t<\/h3>\n\t\t\t\t\n\t\t\t\t\t\t\t\t\t<p class=\"elementor-icon-box-description\">\n\t\t\t\t\t\tNuestra misi\u00f3n es servir a personas, parejas y familias de diversos or\u00edgenes integrando valores cristianos, excelencia cl\u00ednica y sensibilidad cultural, aportando esperanza y restauraci\u00f3n a cada parte de su historia.\t\t\t\t\t<\/p>\n\t\t\t\t\n\t\t\t<\/div>\n\t\t\t\n\t\t<\/div>\n\t\t\t\t\t\t<\/div>\n\t\t\t\t<div class=\"elementor-element elementor-element-54c12541 elementor-invisible elementor-widget elementor-widget-icon-box\" data-id=\"54c12541\" data-element_type=\"widget\" data-e-type=\"widget\" data-settings=\"{&quot;_animation&quot;:&quot;fadeInUp&quot;,&quot;_animation_delay&quot;:200}\" data-widget_type=\"icon-box.default\">\n\t\t\t\t\t\t\t<div class=\"elementor-icon-box-wrapper\">\n\n\t\t\t\n\t\t\t\t\t\t<div class=\"elementor-icon-box-content\">\n\n\t\t\t\t\t\t\t\t\t<h3 class=\"elementor-icon-box-title\">\n\t\t\t\t\t\t<span  >\n\t\t\t\t\t\t\tNuestro compromiso\t\t\t\t\t\t<\/span>\n\t\t\t\t\t<\/h3>\n\t\t\t\t\n\t\t\t\t\t\t\t\t\t<p class=\"elementor-icon-box-description\">\n\t\t\t\t\t\tNo tienes que elegir entre asesoramiento profesional y valores cristianos, ni entre profundidad cl\u00ednica y comprensi\u00f3n cultural. En Mosaic, obtienes las tres cosas porque te mereces lo mejor.\t\t\t\t\t<\/p>\n\t\t\t\t\n\t\t\t<\/div>\n\t\t\t\n\t\t<\/div>\n\t\t\t\t\t\t<\/div>\n\t\t\t\t\t<\/div>\n\t\t\t\t<\/div>\n\t\t\t\t<\/div>\n\t\t\t\t<\/div>\n\t\t\t\t<\/div>\n\t\t\t\t\t\t<\/div>\n\t\t\t\t<\/div>\n\t\t\t\t<div class=\"elementor-element elementor-element-a9fb5fa elementor-widget elementor-widget-template\" data-id=\"a9fb5fa\" data-element_type=\"widget\" data-e-type=\"widget\" data-widget_type=\"template.default\">\n\t\t\t\t<div class=\"elementor-widget-container\">\n\t\t\t\t\t\t\t<div class=\"elementor-template\">\n\t\t\t\t\t<div data-elementor-type=\"container\" data-elementor-id=\"61\" class=\"elementor elementor-61\" data-elementor-post-type=\"elementor_library\">\n\t\t\t\t<div class=\"elementor-element elementor-element-5c67451c e-flex e-con-boxed e-con e-parent\" data-id=\"5c67451c\" data-element_type=\"container\" data-e-type=\"container\" data-settings=\"{&quot;background_background&quot;:&quot;classic&quot;}\">\n\t\t\t\t\t<div class=\"e-con-inner\">\n\t\t\t\t<div class=\"elementor-element elementor-element-31f97844 elementor-widget elementor-widget-heading\" data-id=\"31f97844\" data-element_type=\"widget\" data-e-type=\"widget\" data-widget_type=\"heading.default\">\n\t\t\t\t\t<h2 class=\"elementor-heading-title elementor-size-default\">C\u00f3mo empezar<\/h2>\t\t\t\t<\/div>\n\t\t<div class=\"elementor-element elementor-element-47555fbf e-grid e-con-full e-con e-child\" data-id=\"47555fbf\" data-element_type=\"container\" data-e-type=\"container\">\n\t\t\t\t<div class=\"elementor-element elementor-element-a00cb93 elementor-view-stacked elementor-shape-rounded elementor-widget__width-initial elementor-position-block-start elementor-mobile-position-block-start elementor-widget elementor-widget-icon-box\" data-id=\"a00cb93\" data-element_type=\"widget\" data-e-type=\"widget\" data-widget_type=\"icon-box.default\">\n\t\t\t\t\t\t\t<div class=\"elementor-icon-box-wrapper\">\n\n\t\t\t\t\t\t<div class=\"elementor-icon-box-icon\">\n\t\t\t\t<span  class=\"elementor-icon\">\n\t\t\t\t<svg aria-hidden=\"true\" class=\"e-font-icon-svg e-far-calendar-check\" viewbox=\"0 0 448 512\" xmlns=\"http:\/\/www.w3.org\/2000\/svg\"><path d=\"M400 64h-48V12c0-6.627-5.373-12-12-12h-40c-6.627 0-12 5.373-12 12v52H160V12c0-6.627-5.373-12-12-12h-40c-6.627 0-12 5.373-12 12v52H48C21.49 64 0 85.49 0 112v352c0 26.51 21.49 48 48 48h352c26.51 0 48-21.49 48-48V112c0-26.51-21.49-48-48-48zm-6 400H54a6 6 0 0 1-6-6V160h352v298a6 6 0 0 1-6 6zm-52.849-200.65L198.842 404.519c-4.705 4.667-12.303 4.637-16.971-.068l-75.091-75.699c-4.667-4.705-4.637-12.303.068-16.971l22.719-22.536c4.705-4.667 12.303-4.637 16.97.069l44.104 44.461 111.072-110.181c4.705-4.667 12.303-4.637 16.971.068l22.536 22.718c4.667 4.705 4.636 12.303-.069 16.97z\"><\/path><\/svg>\t\t\t\t<\/span>\n\t\t\t<\/div>\n\t\t\t\n\t\t\t\t\t\t<div class=\"elementor-icon-box-content\">\n\n\t\t\t\t\t\t\t\t\t<h3 class=\"elementor-icon-box-title\">\n\t\t\t\t\t\t<span  >\n\t\t\t\t\t\t\tPrograme una consulta gratuita\t\t\t\t\t\t<\/span>\n\t\t\t\t\t<\/h3>\n\t\t\t\t\n\t\t\t\t\t\t\t\t\t<p class=\"elementor-icon-box-description\">\n\t\t\t\t\t\tTe ayudaremos a aclarar qu\u00e9 tipo de apoyo est\u00e1s buscando.\t\t\t\t\t<\/p>\n\t\t\t\t\n\t\t\t<\/div>\n\t\t\t\n\t\t<\/div>\n\t\t\t\t\t\t<\/div>\n\t\t\t\t<div class=\"elementor-element elementor-element-46227499 elementor-view-stacked elementor-shape-rounded elementor-widget__width-initial elementor-position-block-start elementor-mobile-position-block-start elementor-widget elementor-widget-icon-box\" data-id=\"46227499\" data-element_type=\"widget\" data-e-type=\"widget\" data-widget_type=\"icon-box.default\">\n\t\t\t\t\t\t\t<div class=\"elementor-icon-box-wrapper\">\n\n\t\t\t\t\t\t<div class=\"elementor-icon-box-icon\">\n\t\t\t\t<span  class=\"elementor-icon\">\n\t\t\t\t<svg aria-hidden=\"true\" class=\"e-font-icon-svg e-fas-people-arrows\" viewbox=\"0 0 576 512\" xmlns=\"http:\/\/www.w3.org\/2000\/svg\"><path d=\"M96,128A64,64,0,1,0,32,64,64,64,0,0,0,96,128Zm0,176.08a44.11,44.11,0,0,1,13.64-32L181.77,204c1.65-1.55,3.77-2.31,5.61-3.57A63.91,63.91,0,0,0,128,160H64A64,64,0,0,0,0,224v96a32,32,0,0,0,32,32V480a32,32,0,0,0,32,32h64a32,32,0,0,0,32-32V383.61l-50.36-47.53A44.08,44.08,0,0,1,96,304.08ZM480,128a64,64,0,1,0-64-64A64,64,0,0,0,480,128Zm32,32H448a63.91,63.91,0,0,0-59.38,40.42c1.84,1.27,4,2,5.62,3.59l72.12,68.06a44.37,44.37,0,0,1,0,64L416,383.62V480a32,32,0,0,0,32,32h64a32,32,0,0,0,32-32V352a32,32,0,0,0,32-32V224A64,64,0,0,0,512,160ZM444.4,295.34l-72.12-68.06A12,12,0,0,0,352,236v36H224V236a12,12,0,0,0-20.28-8.73L131.6,295.34a12.4,12.4,0,0,0,0,17.47l72.12,68.07A12,12,0,0,0,224,372.14V336H352v36.14a12,12,0,0,0,20.28,8.74l72.12-68.07A12.4,12.4,0,0,0,444.4,295.34Z\"><\/path><\/svg>\t\t\t\t<\/span>\n\t\t\t<\/div>\n\t\t\t\n\t\t\t\t\t\t<div class=\"elementor-icon-box-content\">\n\n\t\t\t\t\t\t\t\t\t<h3 class=\"elementor-icon-box-title\">\n\t\t\t\t\t\t<span  >\n\t\t\t\t\t\t\tEncuentre a su consejero ideal\t\t\t\t\t\t<\/span>\n\t\t\t\t\t<\/h3>\n\t\t\t\t\n\t\t\t\t\t\t\t\t\t<p class=\"elementor-icon-box-description\">\n\t\t\t\t\t\tNuestro equipo te emparejar\u00e1 con alguien que comparta tus objetivos y valores.\n\t\t\t\t\t<\/p>\n\t\t\t\t\n\t\t\t<\/div>\n\t\t\t\n\t\t<\/div>\n\t\t\t\t\t\t<\/div>\n\t\t\t\t<div class=\"elementor-element elementor-element-71537eca elementor-view-stacked elementor-shape-rounded elementor-widget__width-initial elementor-position-block-start elementor-mobile-position-block-start elementor-widget elementor-widget-icon-box\" data-id=\"71537eca\" data-element_type=\"widget\" data-e-type=\"widget\" data-widget_type=\"icon-box.default\">\n\t\t\t\t\t\t\t<div class=\"elementor-icon-box-wrapper\">\n\n\t\t\t\t\t\t<div class=\"elementor-icon-box-icon\">\n\t\t\t\t<span  class=\"elementor-icon\">\n\t\t\t\t<svg aria-hidden=\"true\" class=\"e-font-icon-svg e-far-compass\" viewbox=\"0 0 496 512\" xmlns=\"http:\/\/www.w3.org\/2000\/svg\"><path d=\"M347.94 129.86L203.6 195.83a31.938 31.938 0 0 0-15.77 15.77l-65.97 144.34c-7.61 16.65 9.54 33.81 26.2 26.2l144.34-65.97a31.938 31.938 0 0 0 15.77-15.77l65.97-144.34c7.61-16.66-9.54-33.81-26.2-26.2zm-77.36 148.72c-12.47 12.47-32.69 12.47-45.16 0-12.47-12.47-12.47-32.69 0-45.16 12.47-12.47 32.69-12.47 45.16 0 12.47 12.47 12.47 32.69 0 45.16zM248 8C111.03 8 0 119.03 0 256s111.03 248 248 248 248-111.03 248-248S384.97 8 248 8zm0 448c-110.28 0-200-89.72-200-200S137.72 56 248 56s200 89.72 200 200-89.72 200-200 200z\"><\/path><\/svg>\t\t\t\t<\/span>\n\t\t\t<\/div>\n\t\t\t\n\t\t\t\t\t\t<div class=\"elementor-icon-box-content\">\n\n\t\t\t\t\t\t\t\t\t<h3 class=\"elementor-icon-box-title\">\n\t\t\t\t\t\t<span  >\n\t\t\t\t\t\t\tComience su terapia\t\t\t\t\t\t<\/span>\n\t\t\t\t\t<\/h3>\n\t\t\t\t\n\t\t\t\t\t\t\t\t\t<p class=\"elementor-icon-box-description\">\n\t\t\t\t\t\tComienza las sesiones (en l\u00ednea o en persona) para iniciar tu camino hacia la sanaci\u00f3n y el crecimiento.\t\t\t\t\t<\/p>\n\t\t\t\t\n\t\t\t<\/div>\n\t\t\t\n\t\t<\/div>\n\t\t\t\t\t\t<\/div>\n\t\t\t\t<\/div>\n\t\t\t\t<div class=\"elementor-element elementor-element-109b9ef3 elementor-align-center elementor-widget elementor-widget-button\" data-id=\"109b9ef3\" data-element_type=\"widget\" data-e-type=\"widget\" data-widget_type=\"button.default\">\n\t\t\t\t\t\t\t\t\t\t<a class=\"elementor-button elementor-button-link elementor-size-sm elementor-animation-grow\" href=\"\/es\/reservar-una-cita\/\">\n\t\t\t\t\t\t<span class=\"elementor-button-content-wrapper\">\n\t\t\t\t\t\t\t\t\t<span class=\"elementor-button-text\">Programa tu cita<\/span>\n\t\t\t\t\t<\/span>\n\t\t\t\t\t<\/a>\n\t\t\t\t\t\t\t\t<\/div>\n\t\t\t\t\t<\/div>\n\t\t\t\t<\/div>\n\t\t\t\t<\/div>\n\t\t\t\t<\/div>\n\t\t\t\t\t\t<\/div>\n\t\t\t\t<\/div>\n\t\t\t\t\t<\/div>\n\t\t\t\t<\/div>\n\t\t\t\t<\/div>","protected":false},"excerpt":{"rendered":"","protected":false},"author":1,"featured_media":194,"parent":54,"menu_order":0,"comment_status":"closed","ping_status":"closed","template":"","meta":{"_acf_changed":false,"footnotes":""},"class_list":["post-640","page","type-page","status-publish","has-post-thumbnail","hentry"],"acf":[],"_links":{"self":[{"href":"https:\/\/mosaicwholenesscenter.com\/es\/wp-json\/wp\/v2\/pages\/640","targetHints":{"allow":["GET"]}}],"collection":[{"href":"https:\/\/mosaicwholenesscenter.com\/es\/wp-json\/wp\/v2\/pages"}],"about":[{"href":"https:\/\/mosaicwholenesscenter.com\/es\/wp-json\/wp\/v2\/types\/page"}],"author":[{"embeddable":true,"href":"https:\/\/mosaicwholenesscenter.com\/es\/wp-json\/wp\/v2\/users\/1"}],"replies":[{"embeddable":true,"href":"https:\/\/mosaicwholenesscenter.com\/es\/wp-json\/wp\/v2\/comments?post=640"}],"version-history":[{"count":0,"href":"https:\/\/mosaicwholenesscenter.com\/es\/wp-json\/wp\/v2\/pages\/640\/revisions"}],"up":[{"embeddable":true,"href":"https:\/\/mosaicwholenesscenter.com\/es\/wp-json\/wp\/v2\/pages\/54"}],"wp:featuredmedia":[{"embeddable":true,"href":"https:\/\/mosaicwholenesscenter.com\/es\/wp-json\/wp\/v2\/media\/194"}],"wp:attachment":[{"href":"https:\/\/mosaicwholenesscenter.com\/es\/wp-json\/wp\/v2\/media?parent=640"}],"curies":[{"name":"wp","href":"https:\/\/api.w.org\/{rel}","templated":true}]}}